{"id":215,"date":"2021-03-15T12:51:01","date_gmt":"2021-03-15T12:51:01","guid":{"rendered":"http:\/\/bpagency.ro\/?page_id=215"},"modified":"2021-03-21T18:08:26","modified_gmt":"2021-03-21T18:08:26","slug":"intocmire-documentatii-pentru-accesare-finantari","status":"publish","type":"page","link":"https:\/\/bpagency.ro\/ro\/intocmire-documentatii-pentru-accesare-finantari\/","title":{"rendered":"Intocmire documentatii pentru accesare finantari"},"content":{"rendered":"<p>[vc_row][vc_column width=&#8221;1\/2&#8243;][vc_column_text]Experienta echipei noastre ne face sa putem accepta intocmire de documentatii diverse: planuri de afaceri in vederea obtinerii de finantare bancara, proiecte cu fonduri europene nerambursabile, proiecte cu fonduri guvernamentale, studii de fezabilitate. Avand in vedere ca este din ce in ce mai greu sa obtii finantare, fie ea rambursabila sau nerambursabila, incercam sa ne sfatuim clientii sa apeleze la serviciile unor profesionisti pentru accesarea acestora.<br \/>\nServiciile noastre sunt oferite pe baza analizei anterioare a afacerii. Folosindu-ne de datele culese cu acea ocazie, intocmim:<br \/>\n&#8211; previziunea contului de profit \u015fi pierdere, previziunea fluxului de numerar, previziunea indicatorilor economico- financiari;<br \/>\n&#8211; lucr\u0103ri, studii, referate, sinteze pe baza documenta\u0163iilor puse la dispozi\u0163ie de Beneficiar;<br \/>\n&#8211; orice demersuri al c\u0103ror efect direct sau indirect este ob\u0163inerea unei finan\u0163\u0103ri nerambursabile, prin credit sau de alt\u0103 natur\u0103 ale proiectelor Beneficiarului.[\/vc_column_text][vc_empty_space height=&#8221;22px&#8221;][\/vc_column][vc_column width=&#8221;1\/2&#8243;][vc_single_image image=&#8221;363&#8243; img_size=&#8221;450&#215;350&#8243; alignment=&#8221;right&#8221; style=&#8221;vc_box_rounded&#8221;][\/vc_column][\/vc_row][vc_row][vc_column width=&#8221;1\/2&#8243;][vc_custom_heading text=&#8221;Analiza competitorilor&#8221; use_theme_fonts=&#8221;yes&#8221;][stm_charts legend_position=&#8221;right&#8221; values=&#8221;%5B%7B%22title%22%3A%22Unu%22%2C%22y_values%22%3A%2210%3B%2015%3B%2020%3B%2025%3B%2027%3B%2025%3B%2023%3B%2025%22%2C%22color%22%3A%22%23fe6c61%22%7D%2C%7B%22title%22%3A%22Doi%22%2C%22y_values%22%3A%2225%3B%2018%3B%2016%3B%2017%3B%2020%3B%2025%3B%2030%3B%2035%22%2C%22color%22%3A%22%235472d2%22%7D%5D&#8221; width=&#8221;208&#8243; height=&#8221;208&#8243;][vc_column_text]O componenta importanta in intocmirea oricarui proiect de investitii este analiza pietei si a competitorilor. In functie de aceasta, stabilim si o strategie de marketing viabila pentru viitor.[\/vc_column_text][\/vc_column][vc_column width=&#8221;1\/2&#8243;][vc_custom_heading text=&#8221;Intocmirea planului de afaceri&#8221; font_container=&#8221;tag:h2|text_align:right&#8221; use_theme_fonts=&#8221;yes&#8221;][vc_column_text]Prima etapa dupa analiza afacerii si cea a competitorilor o reprezinta intocmirea bugetului proiectului de investitii. Avem nevoie si de ajutor in acest stadiu: trebuie sa intelegem ce echipamente\/servicii doriti sa achizitionati si avem nevoie de oferte de pret.<\/p>\n<p>Apoi intocmim planul de afaceri al proiectului si documentele anexa necesare (sunt necesare mai multe serii de declaratii anexa la documentatie). Toate acestea se executa in functie de dimensiunea proiectului si de modelele puse la dispozitie de finantator. Cu cat proiectul este mai mare si mai complex, cu atat planul de afaceri va fi mai laborios. Toate acestea tinand cont de grila de punctaj stabilita pentru departajarea proiectelor.[\/vc_column_text][\/vc_column][\/vc_row][vc_row][vc_column][vc_empty_space height=&#8221;20px&#8221;][\/vc_column][\/vc_row][vc_row][vc_column width=&#8221;1\/2&#8243;][vc_custom_heading text=&#8221;Intocmirea situatiilor financiare&#8221; font_container=&#8221;tag:h2|text_align:left|color:%23000000&#8243; use_theme_fonts=&#8221;yes&#8221;][vc_column_text]Simultan cu intocmirea planului de afaceri si a documentelor anexa, se intocmesc si situatiile financiare solicitate de finantator (cont de profit si pierdere, flux de numerar, bilant previzionat). Toate elementele luate in calcul trebuie explicate, pentru ca in general se puncteaza realitatea cifrelor utilizate. Evaluatorii trebuie sa inteleaga cum au fost facute estimarile pentru a putea puncta corespunzator proiectul.[\/vc_column_text][vc_empty_space height=&#8221;22px&#8221;][\/vc_column][vc_column width=&#8221;1\/2&#8243;][vc_custom_heading text=&#8221;Depunere proiect&#8221; font_container=&#8221;tag:h2|text_align:left|color:%23000000&#8243; use_theme_fonts=&#8221;yes&#8221;][vc_column_text]Toate proiectele se depun astazi online. Acest factor favorizeaza intreprinzatorii, care nu mai trebuie sa semneze olograf munti de documente. Vine insa si cu un dezavantaj: aveti nevoie de o semnatura electronica. In general, cererea de finantare se completeaza direct online, cu elemente luate din planul de afaceri. Unele site-uri sunt mai simple, altele mai complexe, in functie de natura proiectului.[\/vc_column_text][\/vc_column][\/vc_row]<\/p>","protected":false},"excerpt":{"rendered":"<p>[vc_row][vc_column width=&#8221;1\/2&#8243;][vc_column_text]Experienta echipei noastre ne face sa putem accepta intocmire de documentatii diverse: planuri de afaceri in vederea obtinerii de finantare bancara, proiecte cu fonduri europene nerambursabile, proiecte cu fonduri guvernamentale, studii de fezabilitate. Avand in vedere ca este din ce in ce mai greu sa obtii finantare, fie ea rambursabila sau nerambursabila, incercam sa<\/p>\n","protected":false},"author":2,"featured_media":0,"parent":0,"menu_order":0,"comment_status":"closed","ping_status":"closed","template":"","meta":{"footnotes":""},"class_list":["post-215","page","type-page","status-publish","hentry"],"_links":{"self":[{"href":"https:\/\/bpagency.ro\/ro\/wp-json\/wp\/v2\/pages\/215","targetHints":{"allow":["GET"]}}],"collection":[{"href":"https:\/\/bpagency.ro\/ro\/wp-json\/wp\/v2\/pages"}],"about":[{"href":"https:\/\/bpagency.ro\/ro\/wp-json\/wp\/v2\/types\/page"}],"author":[{"embeddable":true,"href":"https:\/\/bpagency.ro\/ro\/wp-json\/wp\/v2\/users\/2"}],"replies":[{"embeddable":true,"href":"https:\/\/bpagency.ro\/ro\/wp-json\/wp\/v2\/comments?post=215"}],"version-history":[{"count":18,"href":"https:\/\/bpagency.ro\/ro\/wp-json\/wp\/v2\/pages\/215\/revisions"}],"predecessor-version":[{"id":754,"href":"https:\/\/bpagency.ro\/ro\/wp-json\/wp\/v2\/pages\/215\/revisions\/754"}],"wp:attachment":[{"href":"https:\/\/bpagency.ro\/ro\/wp-json\/wp\/v2\/media?parent=215"}],"curies":[{"name":"wp","href":"https:\/\/api.w.org\/{rel}","templated":true}]}}