{"id":22,"date":"2021-02-16T17:38:41","date_gmt":"2021-02-16T17:38:41","guid":{"rendered":"http:\/\/bpagency.ro\/?page_id=22"},"modified":"2021-03-21T21:42:42","modified_gmt":"2021-03-21T21:42:42","slug":"pasul-2-chestionar-eligibilitate","status":"publish","type":"page","link":"https:\/\/bpagency.ro\/hu\/pasul-2-chestionar-eligibilitate\/","title":{"rendered":"M\u00e1sodik l\u00e9p\u00e9s: Jogosults\u00e1gi k\u00e9rd\u0151\u00edv"},"content":{"rendered":"<p>[vc_row][vc_column width=&#8221;1\/2&#8243;][vc_column_text]Ha van m\u00e1r egy \u00e9letk\u00e9pes projekt\u00f6tlete, akkor csak annyit kell tennie, hogy adjon nek\u00fcnk n\u00e9h\u00e1ny adatot. Az adatok alapj\u00e1n eld\u00f6nts\u00fck hogy \u00f6tlete jogosult-e EU t\u00e1mogat\u00e1sra. Csak a k\u00f6vetkez\u0151 inform\u00e1ci\u00f3kra van sz\u00fcks\u00e9g\u00fcnk:<br \/>\n1) A v\u00e1llalat alkalmazottainak sz\u00e1m\u00e1t (\u00e1tlagos foglalkoztatottak sz\u00e1ma a legut\u00f3bbi j\u00f3v\u00e1hagyott \u00e9vv\u00e9gi m\u00e9rlegben)<br \/>\n2) Az \u00e9vi forgalmat az utols\u00f3 j\u00f3v\u00e1hagyott \u00e9vv\u00e9gi m\u00e9rleg alapj\u00e1n<br \/>\n3) A gazdas\u00e1gi szektort, amelybe befektetni k\u00edv\u00e1n (CAEN k\u00f3d)<br \/>\n4) Ha van m\u00e1s t\u00e1rsas\u00e1ga, amelyben t\u00e1rsult \/ adminisztr\u00e1tor, adja meg a birtokolt r\u00e9szv\u00e9nyek sz\u00e1zal\u00e9kos ar\u00e1ny\u00e1t, az alkalmazottak sz\u00e1m\u00e1t \u00e9s forgalmat[\/vc_column_text][\/vc_column][vc_column width=&#8221;1\/2&#8243;][vc_single_image image=&#8221;468&#8243; img_size=&#8221;450&#215;300&#8243;][\/vc_column][\/vc_row]<\/p>","protected":false},"excerpt":{"rendered":"<p>[vc_row][vc_column width=&#8221;1\/2&#8243;][vc_column_text]Ha van m\u00e1r egy \u00e9letk\u00e9pes projekt\u00f6tlete, akkor csak annyit kell tennie, hogy adjon nek\u00fcnk n\u00e9h\u00e1ny adatot. Az adatok alapj\u00e1n eld\u00f6nts\u00fck hogy \u00f6tlete jogosult-e EU t\u00e1mogat\u00e1sra. Csak a k\u00f6vetkez\u0151 inform\u00e1ci\u00f3kra van sz\u00fcks\u00e9g\u00fcnk: 1) A v\u00e1llalat alkalmazottainak sz\u00e1m\u00e1t (\u00e1tlagos foglalkoztatottak sz\u00e1ma a legut\u00f3bbi j\u00f3v\u00e1hagyott \u00e9vv\u00e9gi m\u00e9rlegben) 2) Az \u00e9vi forgalmat az utols\u00f3 j\u00f3v\u00e1hagyott \u00e9vv\u00e9gi m\u00e9rleg alapj\u00e1n<\/p>\n","protected":false},"author":2,"featured_media":0,"parent":0,"menu_order":0,"comment_status":"closed","ping_status":"closed","template":"","meta":{"footnotes":""},"class_list":["post-22","page","type-page","status-publish","hentry"],"_links":{"self":[{"href":"https:\/\/bpagency.ro\/hu\/wp-json\/wp\/v2\/pages\/22","targetHints":{"allow":["GET"]}}],"collection":[{"href":"https:\/\/bpagency.ro\/hu\/wp-json\/wp\/v2\/pages"}],"about":[{"href":"https:\/\/bpagency.ro\/hu\/wp-json\/wp\/v2\/types\/page"}],"author":[{"embeddable":true,"href":"https:\/\/bpagency.ro\/hu\/wp-json\/wp\/v2\/users\/2"}],"replies":[{"embeddable":true,"href":"https:\/\/bpagency.ro\/hu\/wp-json\/wp\/v2\/comments?post=22"}],"version-history":[{"count":13,"href":"https:\/\/bpagency.ro\/hu\/wp-json\/wp\/v2\/pages\/22\/revisions"}],"predecessor-version":[{"id":793,"href":"https:\/\/bpagency.ro\/hu\/wp-json\/wp\/v2\/pages\/22\/revisions\/793"}],"wp:attachment":[{"href":"https:\/\/bpagency.ro\/hu\/wp-json\/wp\/v2\/media?parent=22"}],"curies":[{"name":"wp","href":"https:\/\/api.w.org\/{rel}","templated":true}]}}