{"id":204,"date":"2021-03-15T10:28:27","date_gmt":"2021-03-15T10:28:27","guid":{"rendered":"http:\/\/bpagency.ro\/?page_id=204"},"modified":"2021-03-21T17:54:21","modified_gmt":"2021-03-21T17:54:21","slug":"ce-trebuie-sa-stiu-eu-ca-sa-pot-depune-un-proiect","status":"publish","type":"page","link":"https:\/\/bpagency.ro\/hu\/ce-trebuie-sa-stiu-eu-ca-sa-pot-depune-un-proiect\/","title":{"rendered":"C"},"content":{"rendered":"<p class=\"qtranxs-available-languages-message qtranxs-available-languages-message-hu\">Sajnos ennek a bejegyz\u00e9snek csak <a href=\"https:\/\/bpagency.ro\/ro\/wp-json\/wp\/v2\/pages\/204\" class=\"qtranxs-available-language-link qtranxs-available-language-link-ro\" title=\"Rom\u00e2n\u0103\">Rom\u00e2n\u0103<\/a> nyelv\u0171 v\u00e1ltozata van.<\/p>","protected":false},"excerpt":{"rendered":"<p>Sajnos ennek a bejegyz\u00e9snek csak Rom\u00e2n\u0103 nyelv\u0171 v\u00e1ltozata van.<\/p>\n","protected":false},"author":2,"featured_media":0,"parent":0,"menu_order":0,"comment_status":"closed","ping_status":"closed","template":"","meta":{"footnotes":""},"class_list":["post-204","page","type-page","status-publish","hentry"],"_links":{"self":[{"href":"https:\/\/bpagency.ro\/hu\/wp-json\/wp\/v2\/pages\/204","targetHints":{"allow":["GET"]}}],"collection":[{"href":"https:\/\/bpagency.ro\/hu\/wp-json\/wp\/v2\/pages"}],"about":[{"href":"https:\/\/bpagency.ro\/hu\/wp-json\/wp\/v2\/types\/page"}],"author":[{"embeddable":true,"href":"https:\/\/bpagency.ro\/hu\/wp-json\/wp\/v2\/users\/2"}],"replies":[{"embeddable":true,"href":"https:\/\/bpagency.ro\/hu\/wp-json\/wp\/v2\/comments?post=204"}],"version-history":[{"count":0,"href":"https:\/\/bpagency.ro\/hu\/wp-json\/wp\/v2\/pages\/204\/revisions"}],"wp:attachment":[{"href":"https:\/\/bpagency.ro\/hu\/wp-json\/wp\/v2\/media?parent=204"}],"curies":[{"name":"wp","href":"https:\/\/api.w.org\/{rel}","templated":true}]}}