{"id":190,"date":"2021-03-15T09:31:40","date_gmt":"2021-03-15T09:31:40","guid":{"rendered":"http:\/\/bpagency.ro\/?page_id=190"},"modified":"2021-03-21T17:54:03","modified_gmt":"2021-03-21T17:54:03","slug":"ce-sunt-fondurile-europene","status":"publish","type":"page","link":"https:\/\/bpagency.ro\/hu\/ce-sunt-fondurile-europene\/","title":{"rendered":"Ce sunt fondurile europene?"},"content":{"rendered":"<p class=\"qtranxs-available-languages-message qtranxs-available-languages-message-hu\">Sajnos ennek a bejegyz\u00e9snek csak <a href=\"https:\/\/bpagency.ro\/ro\/wp-json\/wp\/v2\/pages\/190\" class=\"qtranxs-available-language-link qtranxs-available-language-link-ro\" title=\"Rom\u00e2n\u0103\">Rom\u00e2n\u0103<\/a> nyelv\u0171 v\u00e1ltozata van.<\/p>","protected":false},"excerpt":{"rendered":"<p>Sajnos ennek a bejegyz\u00e9snek csak Rom\u00e2n\u0103 nyelv\u0171 v\u00e1ltozata van.<\/p>\n","protected":false},"author":2,"featured_media":0,"parent":0,"menu_order":0,"comment_status":"closed","ping_status":"closed","template":"","meta":{"footnotes":""},"class_list":["post-190","page","type-page","status-publish","hentry"],"_links":{"self":[{"href":"https:\/\/bpagency.ro\/hu\/wp-json\/wp\/v2\/pages\/190","targetHints":{"allow":["GET"]}}],"collection":[{"href":"https:\/\/bpagency.ro\/hu\/wp-json\/wp\/v2\/pages"}],"about":[{"href":"https:\/\/bpagency.ro\/hu\/wp-json\/wp\/v2\/types\/page"}],"author":[{"embeddable":true,"href":"https:\/\/bpagency.ro\/hu\/wp-json\/wp\/v2\/users\/2"}],"replies":[{"embeddable":true,"href":"https:\/\/bpagency.ro\/hu\/wp-json\/wp\/v2\/comments?post=190"}],"version-history":[{"count":1,"href":"https:\/\/bpagency.ro\/hu\/wp-json\/wp\/v2\/pages\/190\/revisions"}],"predecessor-version":[{"id":500,"href":"https:\/\/bpagency.ro\/hu\/wp-json\/wp\/v2\/pages\/190\/revisions\/500"}],"wp:attachment":[{"href":"https:\/\/bpagency.ro\/hu\/wp-json\/wp\/v2\/media?parent=190"}],"curies":[{"name":"wp","href":"https:\/\/api.w.org\/{rel}","templated":true}]}}