{"id":225,"date":"2021-03-15T14:15:06","date_gmt":"2021-03-15T14:15:06","guid":{"rendered":"http:\/\/bpagency.ro\/?page_id=225"},"modified":"2021-03-21T18:09:11","modified_gmt":"2021-03-21T18:09:11","slug":"ordonanta-de-urgenta-oug-nr-224-30-12-2020","status":"publish","type":"page","link":"http:\/\/bpagency.ro\/ro\/ordonanta-de-urgenta-oug-nr-224-30-12-2020\/","title":{"rendered":"Ordonanta de urgenta (OUG) nr. 224\/30.12.2020"},"content":{"rendered":"<p>[vc_row][vc_column][vc_column_text]<strong>Buget schema<\/strong>: 500 milioane euro<\/p>\n<p><strong>Valoare maxima ajutor de stat<\/strong>: 800.000 euro<\/p>\n<p><strong>Destinatie<\/strong>: granturi \u00een vederea acoperirii par\u0163iale, \u00een cuantum de 20%, a pierderii din cifra de afaceri sau din rulaj, \u00een cazul agen\u0163iilor de turism si a HORECA rezultat\u0103 din desf\u0103\u015furarea activit\u0103\u0163ilor eligibile, suferit\u0103 \u00een anul 2020, comparativ cu anul 2019<\/p>\n<p><strong>Conditii<\/strong>: Beneficiarii schemei de ajutor de stat au obliga\u0163ia men\u0163inerii activit\u0103\u0163ii pentru care au ob\u0163inut finan\u0163are pentru cel pu\u0163in 6 luni de la data semn\u0103rii contractului de finan\u0163are<\/p>\n<p><strong>Alte conditii<\/strong>: Baza de calcul a ajutorului pentru sume mai mici de 50.000 de euro va fi stabilita printr-o expertiza contabila (va fi realizata de un expert contabil, selectat si remunerate de aplicanti). Expertiza va fi asumata si certificate electronic de catre expertul contabil. Pentru sume mai mari de 50.000 de euro, se solicita certificarea bazei de calcul si de catre un auditor financiar membru al Camerei Auditorilor Financiari (deci suplimentar fata de expert contabil). Verificarea expertizei se va face de catre ANAF pentru toate sumele peste 50.000 de euro si pentru 10% din proiectele sub 50.000 de euro, prin esantionare.<\/p>\n<p><strong>Beneficiari eligibili<\/strong>: agen\u0163ii de turism licen\u0163iate \u00a0&#8211; coduri CAEN: 7911, 7912, 7990, structuri de primire turistice cu func\u0163iuni de cazare clasificate, coduri CAEN: 5510, 5520, 5530, 5590, structuri de alimenta\u0163ie, coduri\u00a0CAEN: 5610, 5621, 5629, 5630[\/vc_column_text][\/vc_column][\/vc_row][vc_row][vc_column][vc_empty_space][\/vc_column][\/vc_row]<\/p>","protected":false},"excerpt":{"rendered":"<p>[vc_row][vc_column][vc_column_text]Buget schema: 500 milioane euro Valoare maxima ajutor de stat: 800.000 euro Destinatie: granturi \u00een vederea acoperirii par\u0163iale, \u00een cuantum de 20%, a pierderii din cifra de afaceri sau din rulaj, \u00een cazul agen\u0163iilor de turism si a HORECA rezultat\u0103 din desf\u0103\u015furarea activit\u0103\u0163ilor eligibile, suferit\u0103 \u00een anul 2020, comparativ cu anul 2019 Conditii: Beneficiarii schemei<\/p>\n","protected":false},"author":2,"featured_media":0,"parent":0,"menu_order":0,"comment_status":"closed","ping_status":"closed","template":"","meta":{"footnotes":""},"class_list":["post-225","page","type-page","status-publish","hentry"],"_links":{"self":[{"href":"http:\/\/bpagency.ro\/ro\/wp-json\/wp\/v2\/pages\/225","targetHints":{"allow":["GET"]}}],"collection":[{"href":"http:\/\/bpagency.ro\/ro\/wp-json\/wp\/v2\/pages"}],"about":[{"href":"http:\/\/bpagency.ro\/ro\/wp-json\/wp\/v2\/types\/page"}],"author":[{"embeddable":true,"href":"http:\/\/bpagency.ro\/ro\/wp-json\/wp\/v2\/users\/2"}],"replies":[{"embeddable":true,"href":"http:\/\/bpagency.ro\/ro\/wp-json\/wp\/v2\/comments?post=225"}],"version-history":[{"count":4,"href":"http:\/\/bpagency.ro\/ro\/wp-json\/wp\/v2\/pages\/225\/revisions"}],"predecessor-version":[{"id":756,"href":"http:\/\/bpagency.ro\/ro\/wp-json\/wp\/v2\/pages\/225\/revisions\/756"}],"wp:attachment":[{"href":"http:\/\/bpagency.ro\/ro\/wp-json\/wp\/v2\/media?parent=225"}],"curies":[{"name":"wp","href":"https:\/\/api.w.org\/{rel}","templated":true}]}}