{"id":227,"date":"2021-03-15T14:31:23","date_gmt":"2021-03-15T14:31:23","guid":{"rendered":"http:\/\/bpagency.ro\/?page_id=227"},"modified":"2021-03-21T18:12:45","modified_gmt":"2021-03-21T18:12:45","slug":"schema-de-ajutor-de-stat-pentru-sustinere-sector-cultural","status":"publish","type":"page","link":"http:\/\/bpagency.ro\/hu\/schema-de-ajutor-de-stat-pentru-sustinere-sector-cultural\/","title":{"rendered":"Schema de ajutor de stat pentru sustinere sector cultural"},"content":{"rendered":"<p class=\"qtranxs-available-languages-message qtranxs-available-languages-message-hu\">Sajnos ennek a bejegyz\u00e9snek csak <a href=\"http:\/\/bpagency.ro\/ro\/wp-json\/wp\/v2\/pages\/227\" class=\"qtranxs-available-language-link qtranxs-available-language-link-ro\" title=\"Rom\u00e2n\u0103\">Rom\u00e2n\u0103<\/a> nyelv\u0171 v\u00e1ltozata van.<\/p>","protected":false},"excerpt":{"rendered":"<p>Sajnos ennek a bejegyz\u00e9snek csak Rom\u00e2n\u0103 nyelv\u0171 v\u00e1ltozata van.<\/p>\n","protected":false},"author":2,"featured_media":0,"parent":0,"menu_order":0,"comment_status":"closed","ping_status":"closed","template":"","meta":{"footnotes":""},"class_list":["post-227","page","type-page","status-publish","hentry"],"_links":{"self":[{"href":"http:\/\/bpagency.ro\/hu\/wp-json\/wp\/v2\/pages\/227","targetHints":{"allow":["GET"]}}],"collection":[{"href":"http:\/\/bpagency.ro\/hu\/wp-json\/wp\/v2\/pages"}],"about":[{"href":"http:\/\/bpagency.ro\/hu\/wp-json\/wp\/v2\/types\/page"}],"author":[{"embeddable":true,"href":"http:\/\/bpagency.ro\/hu\/wp-json\/wp\/v2\/users\/2"}],"replies":[{"embeddable":true,"href":"http:\/\/bpagency.ro\/hu\/wp-json\/wp\/v2\/comments?post=227"}],"version-history":[{"count":0,"href":"http:\/\/bpagency.ro\/hu\/wp-json\/wp\/v2\/pages\/227\/revisions"}],"wp:attachment":[{"href":"http:\/\/bpagency.ro\/hu\/wp-json\/wp\/v2\/media?parent=227"}],"curies":[{"name":"wp","href":"https:\/\/api.w.org\/{rel}","templated":true}]}}